{"id":758,"date":"2019-05-30T15:51:47","date_gmt":"2019-05-30T15:51:47","guid":{"rendered":"http:\/\/fredyrangel.com\/?page_id=758"},"modified":"2023-10-09T16:43:23","modified_gmt":"2023-10-09T16:43:23","slug":"statement","status":"publish","type":"page","link":"https:\/\/fredyrangel.com\/?page_id=758","title":{"rendered":"Statement"},"content":{"rendered":"\n<p>Fredy Rangel<\/p>\n\n\n\n<p>Vive y trabaja en la ciudad de Guatemala.<\/p>\n\n\n\n<div style=\"height:20px\" aria-hidden=\"true\" class=\"wp-block-spacer\"><\/div>\n\n\n\n<p>Mi enfoque art\u00edstico se basa en proyectos espec\u00edficos relacionados con el contexto local de la ciudad, utilizando una variedad de medios como el dibujo, la pintura y el registro fotogr\u00e1fico. A trav\u00e9s de mi trabajo, investigo y abordo temas de inter\u00e9s social, psicol\u00f3gico, pol\u00edtico y cultural. <\/p>\n\n\n\n<p class=\"has-text-align-left\">En mis piezas, busco resolver ideas y conceptos utilizando elementos no convencionales y herramientas de otras disciplinas. Me inspira la relaci\u00f3n entre formas de pensar e interactuar con el entorno y el ser humano. Me interesa explorar c\u00f3mo el dise\u00f1o y la est\u00e9tica pueden aplicarse a estas interacciones, creando obras que desaf\u00eden las convenciones y estimulen la reflexi\u00f3n. <\/p>\n\n\n\n<p>Mi formaci\u00f3n art\u00edstica se basa en las corrientes contempor\u00e1neas del arte, pero tambi\u00e9n he incorporado estudios en psicolog\u00eda. A trav\u00e9s de mi trabajo, he tenido la oportunidad de acompa\u00f1ar a diversas personas con un enfoque social, experimentando los procesos de transformaci\u00f3n  y asimilando diferentes realidades y concepciones de vida. <\/p>\n\n\n\n<p>Mi objetivo como artista es generar un impacto significativo en la sociedad, promoviendo la reflexi\u00f3n, el di\u00e1logo y la conciencia sobre los problemas y desaf\u00edos que enfrentamos como comunidad. <\/p>\n\n\n\n<p>Busco utilizar el arte como una herramienta para la transformaci\u00f3n y la construcci\u00f3n de un mundo m\u00e1s inclusivo y equitativo. A trav\u00e9s de mi trabajo, espero inspirar a otros a cuestionar su entorno, a explorar nuevas perspectivas y a participar activamente en la construcci\u00f3n de un futuro mejor.<\/p>\n\n\n\n<div style=\"height:100px\" aria-hidden=\"true\" class=\"wp-block-spacer\"><\/div>\n\n\n\n<div style=\"height:100px\" aria-hidden=\"true\" class=\"wp-block-spacer\"><\/div>\n\n\n\n<div style=\"height:100px\" aria-hidden=\"true\" class=\"wp-block-spacer\"><\/div>\n","protected":false},"excerpt":{"rendered":"<p>Fredy Rangel Vive y trabaja en la ciudad de Guatemala. Mi enfoque art\u00edstico se basa en proyectos espec\u00edficos relacionados con<\/p>\n<p><a href=\"https:\/\/fredyrangel.com\/?page_id=758\" class=\"more-link\">Seguir leyendo<span class=\"screen-reader-text\">Statement<\/span><\/a><\/p>\n","protected":false},"author":2,"featured_media":0,"parent":0,"menu_order":0,"comment_status":"closed","ping_status":"closed","template":"","meta":{"footnotes":""},"class_list":["post-758","page","type-page","status-publish","hentry"],"_links":{"self":[{"href":"https:\/\/fredyrangel.com\/index.php?rest_route=\/wp\/v2\/pages\/758","targetHints":{"allow":["GET"]}}],"collection":[{"href":"https:\/\/fredyrangel.com\/index.php?rest_route=\/wp\/v2\/pages"}],"about":[{"href":"https:\/\/fredyrangel.com\/index.php?rest_route=\/wp\/v2\/types\/page"}],"author":[{"embeddable":true,"href":"https:\/\/fredyrangel.com\/index.php?rest_route=\/wp\/v2\/users\/2"}],"replies":[{"embeddable":true,"href":"https:\/\/fredyrangel.com\/index.php?rest_route=%2Fwp%2Fv2%2Fcomments&post=758"}],"version-history":[{"count":14,"href":"https:\/\/fredyrangel.com\/index.php?rest_route=\/wp\/v2\/pages\/758\/revisions"}],"predecessor-version":[{"id":1598,"href":"https:\/\/fredyrangel.com\/index.php?rest_route=\/wp\/v2\/pages\/758\/revisions\/1598"}],"wp:attachment":[{"href":"https:\/\/fredyrangel.com\/index.php?rest_route=%2Fwp%2Fv2%2Fmedia&parent=758"}],"curies":[{"name":"wp","href":"https:\/\/api.w.org\/{rel}","templated":true}]}}