{"id":213,"date":"2018-04-17T21:41:17","date_gmt":"2018-04-17T21:41:17","guid":{"rendered":"http:\/\/fredyrangel.com\/?page_id=213"},"modified":"2025-11-15T14:39:11","modified_gmt":"2025-11-15T14:39:11","slug":"biografia","status":"publish","type":"page","link":"https:\/\/fredyrangel.com\/?page_id=213","title":{"rendered":"Biograf\u00eda"},"content":{"rendered":"\n<div style=\"height:100px\" aria-hidden=\"true\" class=\"wp-block-spacer\"><\/div>\n\n\n\n<div class=\"wp-block-file alignright\"><a href=\"https:\/\/fredyrangel.com\/wp-content\/uploads\/2024\/06\/C.V.-Fredy-Rangel-24.pdf\">C.V.-Fredy-Rangel-24<\/a><a href=\"https:\/\/fredyrangel.com\/wp-content\/uploads\/2024\/06\/C.V.-Fredy-Rangel-24.pdf\" class=\"wp-block-file__button wp-element-button\" download>Descarga<\/a><\/div>\n\n\n<p><a href=\"https:\/\/fredyrangel.com\/wp-content\/uploads\/2025\/11\/Fredy-E-Rangel-Q-scaled.jpg\"><img loading=\"lazy\" decoding=\"async\" class=\"aligncenter wp-image-1856 size-full\" src=\"https:\/\/fredyrangel.com\/wp-content\/uploads\/2025\/11\/Fredy-E-Rangel-Q-scaled.jpg\" alt=\"\" width=\"1920\" height=\"2560\" srcset=\"https:\/\/fredyrangel.com\/wp-content\/uploads\/2025\/11\/Fredy-E-Rangel-Q-scaled.jpg 1920w, https:\/\/fredyrangel.com\/wp-content\/uploads\/2025\/11\/Fredy-E-Rangel-Q-225x300.jpg 225w, https:\/\/fredyrangel.com\/wp-content\/uploads\/2025\/11\/Fredy-E-Rangel-Q-700x933.jpg 700w, https:\/\/fredyrangel.com\/wp-content\/uploads\/2025\/11\/Fredy-E-Rangel-Q-768x1024.jpg 768w, https:\/\/fredyrangel.com\/wp-content\/uploads\/2025\/11\/Fredy-E-Rangel-Q-1152x1536.jpg 1152w, https:\/\/fredyrangel.com\/wp-content\/uploads\/2025\/11\/Fredy-E-Rangel-Q-1536x2048.jpg 1536w, https:\/\/fredyrangel.com\/wp-content\/uploads\/2025\/11\/Fredy-E-Rangel-Q-678x904.jpg 678w\" sizes=\"auto, (max-width: 1920px) 100vw, 1920px\" \/><\/a>Fredy Enrique Rangel Qui\u00f1onez\u00a0 \u00a0 1977<\/p>\n<p>Ciudad de Guatemala\u00a0 \u00a0 \u00a0 \u00a0 \u00a0 \u00a0 \u00a0 \u00a0 \u00a0 \u00a0 \u00a0 \u00a0 \u00a0 \u00a0 \u00a0 \u00a0 \u00a0 \u00a0 \u00a0 \u00a0 \u00a0 \u00a0 \u00a0 \u00a0 \u00a0 \u00a0 \u00a0 \u00a0 \u00a0 \u00a0 \u00a0\u00a0<\/p>\n<p style=\"text-align: left;\">Escuela de Artes Pl\u00e1sticas Roberto Cabrera Padilla de 2008 al 2012 con Especializaci\u00f3n en Pintura. Diplomado en Curadur\u00eda de Arte Contempor\u00e1neo por Node\/Center for Curatorial Studies 2016. Form\u00f3 parte del Programa American Arts Incubator Zero 1 Guatemala, 2017. Diplomado en el Laboratorio de Arte Contempor\u00e1neo, ArteCentro Paiz, 2017. Certificado como Agente Cultural Activo en el Programa de Mediaci\u00f3n y Formaci\u00f3n en Gesti\u00f3n Cultural\u00a0 TRAVESIAS Centro Am\u00e9rica por Tr\u00e1nsit Projectes y Plataforma\/C 2020. Realiza estudios\u00a0 \u00a0en Arte.\u00a0 Escuela de\u00a0 Psicolog\u00eda Universidad de San Carlos de Guatemala. 2022. Seleccionado en el programa Simbiotica de Quorum Labcultural (Panama). Nominado\u00a0 para el Programa\u00a0 de Comisi\u00f3n y Becas, Cisneros Fontanals Art Foundation (2023 y 2024)\u00a0 Profesor en Educaci\u00f3n Art\u00edstica con Especialidad en\u00a0 Artes Visuales, Universidad Da Vinci de Guatemala.<\/p>\n<p><strong>Talleres Complementarios<\/strong><\/p>\n<p>Pr\u00e1cticas Art\u00edsticas y\u00a0 Archivo: Documentaci\u00f3n, Investigaci\u00f3n y Activaci\u00f3n.\u00a0 Agosto 2017 Fundaci\u00f3n Yaxs,Videomaping\u00a0 y audiovisuales en Vivo para Proyectos Art\u00edsticos, Septiembre 2017 NODE\/Center, Oct\u00e1gono Lugar Com\u00fan\u00a0 Octubre 2017 Arte Centro Pa\u00edz Piel de Ma\u00edz\u00a0 Octubre 2017 Arte Centro Pa\u00edz Creaci\u00f3n Literaria y Redacci\u00f3n, Junio 2018 Fundaci\u00f3n Paiz, La Cr\u00edtica y el Arte Contempor\u00e1neo Julio 2018. Talleres\u00a0 virtuales de Amplify 2020.\u00a0 Taller sobre la Inclusi\u00f3n y Discapacidad en el Arte. 2020. Taller sobre cultura Maker Herramientas para el Ciudadano, 2020 Centro Cultural de Espa\u00f1a en el Salvador, Ha sido certificado en el programa de Formador de Formadores por\u00a0 Fundaci\u00f3n Carlos F. Novella 2020, \u00a0Clases de Arte Contempor\u00e1neo \u00a02019 a Julio 2020. Gabriel Rodr\u00edguez.<\/p>\n<p><strong>Exposiciones\u00a0<\/strong><\/p>\n<p>2025<\/p>\n<p><a href=\"https:\/\/www.extragaleria.com\/sillevanagua\">Si llevan agua, son rios, si no, son caminos, Galer\u00eda Extra Ciudad de Guatemala<\/a><\/p>\n<p><a href=\"https:\/\/riiflee.neocities.org\/\">Rifle, Torre Estacionamiento, Permanencia Temporal en Transito, Ciudad de Guatemala<\/a><\/p>\n<p>Figuraciones en el Pacifico: Miradas Urbanas, Museo Regional de Arqueolog\u00eda La Democracia \u00abRub\u00e9n Ch\u00e9vez Van Dorne\u00bb Departamento de Escuintla.<\/p>\n<p><a href=\"https:\/\/musac.usac.edu.gt\/noticias\/exposicion-la-esfera-de-las-promesas-de-fredy-rangel\/\">La Esfera de las Promesas Dr. Mariano G\u00e1lvez, Galer\u00eda de Arte Museo de la Universidad de San Carlos de Guatemala<\/a><\/p>\n<p><a href=\"https:\/\/fundacionpaiz.org.gt\/event\/por-que-caen-las-estatuas\/\">\u00bfPor qu\u00e9 caen las estatuas? Ensayo Audio visual, Proyecto Poporopo, Ciudad de Guatemala<\/a><\/p>\n<p>2024\u00a0<\/p>\n<p><a href=\"https:\/\/elprograma.net\/primer-paso\/\">El Primer Paso [admitimos nuestra impotencia ante la realidad] Galer\u00eda el_ Programa<\/a><\/p>\n<p><a href=\"https:\/\/issuu.com\/juannio-artgala\/docs\/catalogojuannio2024_baja\">60 Edici\u00f3n JUANNIO, Exposici\u00f3n y Subasta de Arte Latinoamericano Museo Miraflores, Ciudad de Guatemala.<\/a><\/p>\n<p><a href=\"https:\/\/www.youtube.com\/watch?v=bW_KeR_tdPM\">Upcycling Art, Reflexiona, Respira, Reinventa, Museo de la Universidad de San Carlos de Guatemala<\/a><\/p>\n<p>Upcycling Art, II Festival Rotario, Embajada Wakamy, Antigua Guatemala<\/p>\n<p>2023,<\/p>\n<p><span style=\"font-size: inherit;\">59 Edici\u00f3n JUANNIO, Exposici\u00f3n y Subasta de Arte Latinoamericano Museo Miraflores, Ciudad de Guatemala.<\/span><\/p>\n<p><a href=\"https:\/\/www.extragaleria.com\/exhibitions\">\u00abL\u00edmites Ef\u00edmeros\u00bb Galer\u00eda Extra<\/a><\/p>\n<p>2022<\/p>\n<p><a href=\"https:\/\/www.extragaleria.com\/new-page-49\">Cartograf\u00edas de los (In)visible, Galer\u00eda Extra<\/a><\/p>\n<p><a href=\"https:\/\/www.instagram.com\/p\/CZaIiJMoKGE\/\">La Farmacia Tel\u00farica 2, Proyecto de la 14\u00aa.\u00a0 Bienal de la Habana, Cuba.<\/a><\/p>\n<p>2021<\/p>\n<p><a href=\"https:\/\/cceguatemala.org\/archivos\/actividades\/trama\">\u00abTrama\u00bb Primer Certamen de Grafica\/ TEGG\/Febrero CCE\/G\u00a0<\/a><\/p>\n<p><a href=\"https:\/\/juannio.org\/galeria\/de-la-serie-dialisis-disolucion-extracorporea-35-dias\/\">57 Edici\u00f3n JUANNIO, Exposici\u00f3n y subasta de Arte Latinoamericano\u00a0 Museo Nacional de Arte Moderno, \u00bb Carlos M\u00e9rida\u00bb <\/a><\/p>\n<p><a href=\"https:\/\/www.extragaleria.com\/new-page-3\">\u00abLos Tormentos de la Materia\u00bb\/ Serie \u00abO\u00bb\/ Galer\u00eda Extra\/ Noviembre\u00a0<\/a><\/p>\n<p>2020<\/p>\n<p><a href=\"http:\/\/elazarcultural.blogspot.com\/2020\/08\/fredy-rangel.html\">C\u00f3ctel, el azar<\/a><\/p>\n<p>Galer\u00eda Abierta \/ Centro Cultural Municipal\u00a0 A.A.I.\/\u00a0\u00a0<\/p>\n<p><a href=\"http:\/\/madridgrafica.org\/carteles-2020\/\">Madrid Grafica 20 \/ Covid Exit Dise\u00f1o Digital\/\u00a0<\/a><\/p>\n<p><a href=\"https:\/\/dca.gob.gt\/noticias-guatemala-diario-centro-america\/dualidad-une-arte-y-experiencias\/\">Santo Esp\u00edritu Antigua\/ Dualidad\/<\/a><\/p>\n<p>2019<\/p>\n<p><a href=\"https:\/\/www.extragaleria.com\/volatilidad-permanencia\">\u00a0\u00abVolatilidad, Permanencia\u00bb Galer\u00eda Extra<\/a><\/p>\n<p><a href=\"http:\/\/madc.cr\/es\/expo\/inquieta-imagen-el-discreto-encanto-de-la-realidad\">Inquieta Imagen_19, \u00d3xido de Hierro III,\u00a0 Cuerpos Fracturados\/ Museo de Arte y Dise\u00f1o Contempor\u00e1neo \u00a0Costa Rica.\u00a0<\/a><\/p>\n<p><a href=\"https:\/\/esloquehay19.tumblr.com\/\">Proyecto Curatorial Es lo que Hay, Instalaci\u00f3n \u00d3xido de Hierro III, Vivero de Tilansias San Lucas Sacatep\u00e9quez\u00a0<\/a><\/p>\n<p>2018<\/p>\n<p><a href=\"https:\/\/www.extragaleria.com\/fredy-rangel\">Project Room\u00a0 Cuerpos Fracturados Galer\u00eda Extra.\u00a0<\/a><\/p>\n<p>Galer\u00eda Abierta Centro Cultural Municipal de Guatemala.<\/p>\n<p>2017<\/p>\n<p><a href=\"https:\/\/www.extragaleria.com\/forma-materia\">Forma y Materia\u00a0 Galer\u00eda Extra.<\/a><\/p>\n<p>Arte Contempor\u00e1neo Instalaci\u00f3n ArteCentro Graciela Andrade de Paiz.<\/p>\n<p><a href=\"http:\/\/fredyrangel.com\/wp-content\/uploads\/2019\/10\/pdf-disidencia-registro-2017.pdf\">Ejercicios Urbanos Manifest\u00f3 Espacio.<\/a><\/p>\n<p><a href=\"https:\/\/www.pressreader.com\/guatemala\/prensa-libre\/20171014\/282368334871920\">El Club del desayuno, S\u00f3tano 1\u00a0<\/a><\/p>\n<p><a href=\"http:\/\/fredyrangel.com\/wp-content\/uploads\/2019\/10\/registro-foto.pdf\">20\/20 Exposicion Fotogr\u00e1fica en 1001 Noches\u00a0<\/a><\/p>\n<p><a href=\"https:\/\/www.facebook.com\/1001n0ches\/photos\/389939058125300\">Residencia Art\u00edstica 1001 Noches\u00a0<\/a><\/p>\n\n\n<div style=\"height:100px\" aria-hidden=\"true\" class=\"wp-block-spacer\"><\/div>\n\n\n\n<div style=\"height:100px\" aria-hidden=\"true\" class=\"wp-block-spacer\"><\/div>\n\n\n\n<div style=\"height:100px\" aria-hidden=\"true\" class=\"wp-block-spacer\"><\/div>\n\n\n\n<div style=\"height:100px\" aria-hidden=\"true\" class=\"wp-block-spacer\"><\/div>\n\n\n\n<div style=\"height:100px\" aria-hidden=\"true\" class=\"wp-block-spacer\"><\/div>\n\n\n\n<div style=\"height:100px\" aria-hidden=\"true\" class=\"wp-block-spacer\"><\/div>\n","protected":false},"excerpt":{"rendered":"<p>Fredy Enrique Rangel Qui\u00f1onez\u00a0 \u00a0 1977 Ciudad de Guatemala\u00a0 \u00a0 \u00a0 \u00a0 \u00a0 \u00a0 \u00a0 \u00a0 \u00a0 \u00a0 \u00a0 \u00a0<\/p>\n<p><a href=\"https:\/\/fredyrangel.com\/?page_id=213\" class=\"more-link\">Seguir leyendo<span class=\"screen-reader-text\">Biograf\u00eda<\/span><\/a><\/p>\n","protected":false},"author":2,"featured_media":0,"parent":0,"menu_order":0,"comment_status":"closed","ping_status":"closed","template":"","meta":{"footnotes":""},"class_list":["post-213","page","type-page","status-publish","hentry"],"_links":{"self":[{"href":"https:\/\/fredyrangel.com\/index.php?rest_route=\/wp\/v2\/pages\/213","targetHints":{"allow":["GET"]}}],"collection":[{"href":"https:\/\/fredyrangel.com\/index.php?rest_route=\/wp\/v2\/pages"}],"about":[{"href":"https:\/\/fredyrangel.com\/index.php?rest_route=\/wp\/v2\/types\/page"}],"author":[{"embeddable":true,"href":"https:\/\/fredyrangel.com\/index.php?rest_route=\/wp\/v2\/users\/2"}],"replies":[{"embeddable":true,"href":"https:\/\/fredyrangel.com\/index.php?rest_route=%2Fwp%2Fv2%2Fcomments&post=213"}],"version-history":[{"count":80,"href":"https:\/\/fredyrangel.com\/index.php?rest_route=\/wp\/v2\/pages\/213\/revisions"}],"predecessor-version":[{"id":1857,"href":"https:\/\/fredyrangel.com\/index.php?rest_route=\/wp\/v2\/pages\/213\/revisions\/1857"}],"wp:attachment":[{"href":"https:\/\/fredyrangel.com\/index.php?rest_route=%2Fwp%2Fv2%2Fmedia&parent=213"}],"curies":[{"name":"wp","href":"https:\/\/api.w.org\/{rel}","templated":true}]}}