{"id":1314,"date":"2023-05-08T05:15:00","date_gmt":"2023-05-08T05:15:00","guid":{"rendered":"https:\/\/fredyrangel.com\/?page_id=1314"},"modified":"2025-11-15T13:46:12","modified_gmt":"2025-11-15T13:46:12","slug":"textos","status":"publish","type":"page","link":"https:\/\/fredyrangel.com\/?page_id=1314","title":{"rendered":"TXT"},"content":{"rendered":"\n<div style=\"height:30px\" aria-hidden=\"true\" class=\"wp-block-spacer\"><\/div>\n\n\n\n<p><a href=\"https:\/\/www.facebook.com\/share\/v\/19vWpFfPtm\/\">Centenario de la repatriaci\u00f3n de los restos del Dr. Mariano G\u00e1lvez, ICAF\/DIGED USAC 2025<\/a><\/p>\n\n\n\n<p><a href=\"https:\/\/www.facebook.com\/share\/v\/19vWpFfPtm\/\" data-type=\"link\" data-id=\"https:\/\/www.facebook.com\/share\/v\/19vWpFfPtm\/\">Centenario repatriaci\u00f3n de los restos del Dr. Mariano G\u00e1lvez, Radio Universidad 92.1 2025<\/a><\/p>\n\n\n\n<p><a href=\"https:\/\/www.youtube.com\/watch?v=FwHV685N2Bc\" data-type=\"link\" data-id=\"https:\/\/www.youtube.com\/watch?v=FwHV685N2Bc\">El alto relieve alusivo a la justicia y a la libertad, ICAF\/DIGED USAC 2025<\/a><\/p>\n\n\n\n<p><a href=\"https:\/\/dca.gob.gt\/noticias-guatemala-diario-centro-america\/exposicion-la-esfera-de-las-promesas\/\" title=\"La Esfera de las Promesas Dr. Mariano G\u00e1lvez \">La Esfera de las Promesas Dr. Mariano G\u00e1lvez  Diario de Centro Am\u00e9rica<\/a><\/p>\n\n\n\n<p><a href=\"https:\/\/fredyrangel.com\/wp-content\/uploads\/2024\/01\/Analisis_Investigacion_Fuente_Museo_Universitario_Fredy_Rangel_2024.pdf\" title=\"\">An\u00e1lisis proceso de restauraci\u00f3n fuente Museo Universidad San Carlos 2024<\/a><\/p>\n\n\n\n<p><a href=\"https:\/\/www.laestrella.com.pa\/cafe-estrella\/cultura\/230402\/limites-conscientes-e-inconscientes\" title=\"https:\/\/www.laestrella.com.pa\/cafe-estrella\/cultura\/230402\/limites-conscientes-e-inconscientes\">L\u00edmites Ef\u00edmeros Entrevista La Estrella On-line de Panam\u00e1 2023<\/a><\/p>\n\n\n\n<p><a href=\"https:\/\/fredyrangel.com\/wp-content\/uploads\/2023\/05\/Articulo-Limites-Efimeros-El-Periodico.pdf\">L\u00edmites Ef\u00edmeros El Peri\u00f3dico.com.gt 2023<\/a><\/p>\n\n\n\n<p><a href=\"https:\/\/www.youtube.com\/watch?v=YXmJ3P7sGXw&amp;t=8489s\" title=\"https:\/\/www.youtube.com\/watch?v=YXmJ3P7sGXw&amp;t=8489s\">Jornadas de Investigaci\u00f3n en Artes 2022, Vitrinas del Inconsciente Instituto Investigaci\u00f3n Arte Universidad de Costa Rica<\/a><\/p>\n\n\n\n<p><a href=\"https:\/\/www.instagram.com\/p\/CZaIiJMoKGE\/\" title=\"https:\/\/www.instagram.com\/p\/CZaIiJMoKGE\/\">4 Estaciones Obras de Sitio Proyecto Farmacia Cuba 2022<\/a><\/p>\n\n\n\n<p><a href=\"https:\/\/fredyrangel.com\/wp-content\/uploads\/2024\/03\/FOTOGRAF\u00cdA-memoria-aritistica-2020.pdf\" title=\"\">Fotograf\u00eda memoria art\u00edstica 2020 Imaginatorio Coop<\/a><\/p>\n\n\n\n<p><a href=\"https:\/\/www.coleccionismocontemporaneo.com\/centroamerica?lightbox=dataItem-l658dwtn__item-j9plerjk\" title=\"https:\/\/www.coleccionismocontemporaneo.com\/centroamerica?lightbox=dataItem-l658dwtn__item-j9plerjk\">Coleccionismo Contempor\u00e1neo Red Latinoamericana <\/a><\/p>\n\n\n\n<p><a href=\"http:\/\/elazarcultural.blogspot.com\/2020\/08\/fredy-rangel.html\" title=\"http:\/\/elazarcultural.blogspot.com\/2020\/08\/fredy-rangel.html\">el azar Cultural 2020<\/a><\/p>\n\n\n\n<p><a href=\"https:\/\/esloquehay19.tumblr.com\/post\/623568486916046848\/fredy-e-rangel-q-esencia-incorp%C3%B3rea\" title=\"https:\/\/esloquehay19.tumblr.com\/post\/623568486916046848\/fredy-e-rangel-q-esencia-incorp%C3%B3rea\">Esencia Incorp\u00f3rea El Peso de los Cuerpos y Otros Desgastes M\u00e1s 2019<\/a><\/p>\n\n\n\n<p><a href=\"https:\/\/www.renatosoy.com\/la-pintura-en-la-prctica-contempornea\">La Pintura en la Practica Contempor\u00e1nea 2018 <\/a><\/p>\n\n\n\n<p><a href=\"https:\/\/localcitytours.tumblr.com\/archivo\" title=\"https:\/\/localcitytours.tumblr.com\/archivo\">Disidencia Invisible Ejercicios Urbanos 1: Local City Tours 2017<\/a><\/p>\n\n\n\n<div style=\"height:60px\" aria-hidden=\"true\" class=\"wp-block-spacer\"><\/div>\n\n\n\n<p class=\"has-text-align-left\">Archivo Art\u00edstico<\/p>\n\n\n\n<div style=\"height:20px\" aria-hidden=\"true\" class=\"wp-block-spacer\"><\/div>\n\n\n\n<div style=\"height:30px\" aria-hidden=\"true\" class=\"wp-block-spacer\"><\/div>\n\n\n\n<p class=\"has-text-align-right\"><a href=\"https:\/\/www.instagram.com\/fredy__rangel\/\" title=\"https:\/\/www.instagram.com\/fredy__rangel\/\">@fredy__rangel<\/a><\/p>\n\n\n\n<div style=\"height:100px\" aria-hidden=\"true\" class=\"wp-block-spacer\"><\/div>\n\n\n\n<p><\/p>\n","protected":false},"excerpt":{"rendered":"<p>Centenario de la repatriaci\u00f3n de los restos del Dr. Mariano G\u00e1lvez, ICAF\/DIGED USAC 2025 Centenario repatriaci\u00f3n de los restos del<\/p>\n<p><a href=\"https:\/\/fredyrangel.com\/?page_id=1314\" class=\"more-link\">Seguir leyendo<span class=\"screen-reader-text\">TXT<\/span><\/a><\/p>\n","protected":false},"author":2,"featured_media":0,"parent":0,"menu_order":0,"comment_status":"closed","ping_status":"closed","template":"","meta":{"footnotes":""},"class_list":["post-1314","page","type-page","status-publish","hentry"],"_links":{"self":[{"href":"https:\/\/fredyrangel.com\/index.php?rest_route=\/wp\/v2\/pages\/1314","targetHints":{"allow":["GET"]}}],"collection":[{"href":"https:\/\/fredyrangel.com\/index.php?rest_route=\/wp\/v2\/pages"}],"about":[{"href":"https:\/\/fredyrangel.com\/index.php?rest_route=\/wp\/v2\/types\/page"}],"author":[{"embeddable":true,"href":"https:\/\/fredyrangel.com\/index.php?rest_route=\/wp\/v2\/users\/2"}],"replies":[{"embeddable":true,"href":"https:\/\/fredyrangel.com\/index.php?rest_route=%2Fwp%2Fv2%2Fcomments&post=1314"}],"version-history":[{"count":64,"href":"https:\/\/fredyrangel.com\/index.php?rest_route=\/wp\/v2\/pages\/1314\/revisions"}],"predecessor-version":[{"id":1853,"href":"https:\/\/fredyrangel.com\/index.php?rest_route=\/wp\/v2\/pages\/1314\/revisions\/1853"}],"wp:attachment":[{"href":"https:\/\/fredyrangel.com\/index.php?rest_route=%2Fwp%2Fv2%2Fmedia&parent=1314"}],"curies":[{"name":"wp","href":"https:\/\/api.w.org\/{rel}","templated":true}]}}