{"id":1294,"date":"2023-05-08T03:16:52","date_gmt":"2023-05-08T03:16:52","guid":{"rendered":"https:\/\/fredyrangel.com\/?page_id=1294"},"modified":"2023-05-08T04:47:40","modified_gmt":"2023-05-08T04:47:40","slug":"limites-efimeros-3","status":"publish","type":"page","link":"https:\/\/fredyrangel.com\/?page_id=1294","title":{"rendered":"LE-23"},"content":{"rendered":"\n<p>\u00abL\u00edmites Ef\u00edmeros\u00bb Curadur\u00eda: Gladys Turner Bosso.                                                                               Galer\u00eda Extra, 2023.    <\/p>\n\n\n\n<div style=\"height:100px\" aria-hidden=\"true\" class=\"wp-block-spacer\"><\/div>\n\n\n\n<figure class=\"wp-block-gallery columns-3 is-cropped wp-block-gallery-1 is-layout-flex wp-block-gallery-is-layout-flex\"><ul class=\"blocks-gallery-grid\"><li class=\"blocks-gallery-item\"><figure><img loading=\"lazy\" decoding=\"async\" width=\"700\" height=\"571\" src=\"https:\/\/fredyrangel.com\/wp-content\/uploads\/2023\/04\/Arquetipo-c-700x571.jpg\" alt=\"\" data-id=\"1162\" data-full-url=\"https:\/\/fredyrangel.com\/wp-content\/uploads\/2023\/04\/Arquetipo-c.jpg\" data-link=\"https:\/\/fredyrangel.com\/?attachment_id=1162\" class=\"wp-image-1162\" srcset=\"https:\/\/fredyrangel.com\/wp-content\/uploads\/2023\/04\/Arquetipo-c-700x571.jpg 700w, https:\/\/fredyrangel.com\/wp-content\/uploads\/2023\/04\/Arquetipo-c-300x245.jpg 300w, https:\/\/fredyrangel.com\/wp-content\/uploads\/2023\/04\/Arquetipo-c.jpg 736w\" sizes=\"auto, (max-width: 700px) 100vw, 700px\" \/><\/figure><\/li><li class=\"blocks-gallery-item\"><figure><img loading=\"lazy\" decoding=\"async\" width=\"700\" height=\"571\" src=\"https:\/\/fredyrangel.com\/wp-content\/uploads\/2023\/04\/Arquetipo-b-700x571.jpg\" alt=\"\" data-id=\"1161\" data-full-url=\"https:\/\/fredyrangel.com\/wp-content\/uploads\/2023\/04\/Arquetipo-b.jpg\" data-link=\"https:\/\/fredyrangel.com\/?attachment_id=1161\" class=\"wp-image-1161\" srcset=\"https:\/\/fredyrangel.com\/wp-content\/uploads\/2023\/04\/Arquetipo-b-700x571.jpg 700w, https:\/\/fredyrangel.com\/wp-content\/uploads\/2023\/04\/Arquetipo-b-300x245.jpg 300w, https:\/\/fredyrangel.com\/wp-content\/uploads\/2023\/04\/Arquetipo-b.jpg 736w\" sizes=\"auto, (max-width: 700px) 100vw, 700px\" \/><\/figure><\/li><li class=\"blocks-gallery-item\"><figure><img loading=\"lazy\" decoding=\"async\" width=\"700\" height=\"571\" src=\"https:\/\/fredyrangel.com\/wp-content\/uploads\/2023\/04\/Arquetipo-a-700x571.jpg\" alt=\"\" data-id=\"1160\" data-full-url=\"https:\/\/fredyrangel.com\/wp-content\/uploads\/2023\/04\/Arquetipo-a.jpg\" data-link=\"https:\/\/fredyrangel.com\/?attachment_id=1160\" class=\"wp-image-1160\" srcset=\"https:\/\/fredyrangel.com\/wp-content\/uploads\/2023\/04\/Arquetipo-a-700x571.jpg 700w, https:\/\/fredyrangel.com\/wp-content\/uploads\/2023\/04\/Arquetipo-a-300x245.jpg 300w, https:\/\/fredyrangel.com\/wp-content\/uploads\/2023\/04\/Arquetipo-a.jpg 736w\" sizes=\"auto, (max-width: 700px) 100vw, 700px\" \/><\/figure><\/li><\/ul><\/figure>\n\n\n\n<p>Arquetipos: Bol\u00edgrafo Rojo sobre Papel Fabiano.<\/p>\n\n\n\n<div style=\"height:100px\" aria-hidden=\"true\" class=\"wp-block-spacer\"><\/div>\n\n\n\n<figure class=\"wp-block-gallery columns-3 is-cropped wp-block-gallery-2 is-layout-flex wp-block-gallery-is-layout-flex\"><ul class=\"blocks-gallery-grid\"><li class=\"blocks-gallery-item\"><figure><img loading=\"lazy\" decoding=\"async\" width=\"400\" height=\"600\" src=\"https:\/\/fredyrangel.com\/wp-content\/uploads\/2023\/04\/Deriva-23.jpg\" alt=\"\" data-id=\"1179\" data-full-url=\"https:\/\/fredyrangel.com\/wp-content\/uploads\/2023\/04\/Deriva-23.jpg\" data-link=\"https:\/\/fredyrangel.com\/?attachment_id=1179\" class=\"wp-image-1179\" srcset=\"https:\/\/fredyrangel.com\/wp-content\/uploads\/2023\/04\/Deriva-23.jpg 400w, https:\/\/fredyrangel.com\/wp-content\/uploads\/2023\/04\/Deriva-23-200x300.jpg 200w\" sizes=\"auto, (max-width: 400px) 100vw, 400px\" \/><\/figure><\/li><li class=\"blocks-gallery-item\"><figure><img loading=\"lazy\" decoding=\"async\" width=\"400\" height=\"600\" src=\"https:\/\/fredyrangel.com\/wp-content\/uploads\/2023\/04\/Deriva-21.jpg\" alt=\"\" data-id=\"1176\" data-full-url=\"https:\/\/fredyrangel.com\/wp-content\/uploads\/2023\/04\/Deriva-21.jpg\" data-link=\"https:\/\/fredyrangel.com\/?attachment_id=1176\" class=\"wp-image-1176\" srcset=\"https:\/\/fredyrangel.com\/wp-content\/uploads\/2023\/04\/Deriva-21.jpg 400w, https:\/\/fredyrangel.com\/wp-content\/uploads\/2023\/04\/Deriva-21-200x300.jpg 200w\" sizes=\"auto, (max-width: 400px) 100vw, 400px\" \/><\/figure><\/li><li class=\"blocks-gallery-item\"><figure><img loading=\"lazy\" decoding=\"async\" width=\"400\" height=\"600\" src=\"https:\/\/fredyrangel.com\/wp-content\/uploads\/2023\/04\/Deriva-22.jpg\" alt=\"\" data-id=\"1177\" data-full-url=\"https:\/\/fredyrangel.com\/wp-content\/uploads\/2023\/04\/Deriva-22.jpg\" data-link=\"https:\/\/fredyrangel.com\/?attachment_id=1177\" class=\"wp-image-1177\" srcset=\"https:\/\/fredyrangel.com\/wp-content\/uploads\/2023\/04\/Deriva-22.jpg 400w, https:\/\/fredyrangel.com\/wp-content\/uploads\/2023\/04\/Deriva-22-200x300.jpg 200w\" sizes=\"auto, (max-width: 400px) 100vw, 400px\" \/><\/figure><\/li><li class=\"blocks-gallery-item\"><figure><img loading=\"lazy\" decoding=\"async\" width=\"400\" height=\"600\" src=\"https:\/\/fredyrangel.com\/wp-content\/uploads\/2023\/04\/Deriva-19.jpg\" alt=\"\" data-id=\"1175\" data-full-url=\"https:\/\/fredyrangel.com\/wp-content\/uploads\/2023\/04\/Deriva-19.jpg\" data-link=\"https:\/\/fredyrangel.com\/?attachment_id=1175\" class=\"wp-image-1175\" srcset=\"https:\/\/fredyrangel.com\/wp-content\/uploads\/2023\/04\/Deriva-19.jpg 400w, https:\/\/fredyrangel.com\/wp-content\/uploads\/2023\/04\/Deriva-19-200x300.jpg 200w\" sizes=\"auto, (max-width: 400px) 100vw, 400px\" \/><\/figure><\/li><li class=\"blocks-gallery-item\"><figure><img loading=\"lazy\" decoding=\"async\" width=\"400\" height=\"600\" src=\"https:\/\/fredyrangel.com\/wp-content\/uploads\/2023\/04\/Deriva-23-a.jpg\" alt=\"\" data-id=\"1178\" data-full-url=\"https:\/\/fredyrangel.com\/wp-content\/uploads\/2023\/04\/Deriva-23-a.jpg\" data-link=\"https:\/\/fredyrangel.com\/?attachment_id=1178\" class=\"wp-image-1178\" srcset=\"https:\/\/fredyrangel.com\/wp-content\/uploads\/2023\/04\/Deriva-23-a.jpg 400w, https:\/\/fredyrangel.com\/wp-content\/uploads\/2023\/04\/Deriva-23-a-200x300.jpg 200w\" sizes=\"auto, (max-width: 400px) 100vw, 400px\" \/><\/figure><\/li><\/ul><\/figure>\n\n\n\n<p>Deriva: Ensamblajes de Madera, Hierro, Estaciones de Transmetro de la Ciudad de Guatemala, Intervenidos con Pintura de Trafico C\/Rojo.<\/p>\n\n\n\n<div style=\"height:100px\" aria-hidden=\"true\" class=\"wp-block-spacer\"><\/div>\n\n\n\n<figure class=\"wp-block-gallery columns-2 is-cropped wp-block-gallery-3 is-layout-flex wp-block-gallery-is-layout-flex\"><ul class=\"blocks-gallery-grid\"><li class=\"blocks-gallery-item\"><figure><img loading=\"lazy\" decoding=\"async\" width=\"400\" height=\"600\" src=\"https:\/\/fredyrangel.com\/wp-content\/uploads\/2023\/04\/borde-45-r.jpg\" alt=\"\" data-id=\"1173\" data-full-url=\"https:\/\/fredyrangel.com\/wp-content\/uploads\/2023\/04\/borde-45-r.jpg\" data-link=\"https:\/\/fredyrangel.com\/?attachment_id=1173\" class=\"wp-image-1173\" srcset=\"https:\/\/fredyrangel.com\/wp-content\/uploads\/2023\/04\/borde-45-r.jpg 400w, https:\/\/fredyrangel.com\/wp-content\/uploads\/2023\/04\/borde-45-r-200x300.jpg 200w\" sizes=\"auto, (max-width: 400px) 100vw, 400px\" \/><\/figure><\/li><li class=\"blocks-gallery-item\"><figure><img loading=\"lazy\" decoding=\"async\" width=\"400\" height=\"600\" src=\"https:\/\/fredyrangel.com\/wp-content\/uploads\/2023\/04\/borde-45-p.jpg\" alt=\"\" data-id=\"1172\" data-full-url=\"https:\/\/fredyrangel.com\/wp-content\/uploads\/2023\/04\/borde-45-p.jpg\" data-link=\"https:\/\/fredyrangel.com\/?attachment_id=1172\" class=\"wp-image-1172\" srcset=\"https:\/\/fredyrangel.com\/wp-content\/uploads\/2023\/04\/borde-45-p.jpg 400w, https:\/\/fredyrangel.com\/wp-content\/uploads\/2023\/04\/borde-45-p-200x300.jpg 200w\" sizes=\"auto, (max-width: 400px) 100vw, 400px\" \/><\/figure><\/li><\/ul><\/figure>\n\n\n\n<p>Borde 45   Instalaci\u00f3n: Vestigios, Borde de cemento Blanco con Polvo de M\u00e1rmol, Hierro,  Pintura de Trafico Color Rojo.<\/p>\n\n\n\n<div style=\"height:100px\" aria-hidden=\"true\" class=\"wp-block-spacer\"><\/div>\n\n\n\n<figure class=\"wp-block-gallery columns-3 is-cropped wp-block-gallery-4 is-layout-flex wp-block-gallery-is-layout-flex\"><ul class=\"blocks-gallery-grid\"><li class=\"blocks-gallery-item\"><figure><img loading=\"lazy\" decoding=\"async\" width=\"597\" height=\"600\" src=\"https:\/\/fredyrangel.com\/wp-content\/uploads\/2023\/04\/borde-36.jpg\" alt=\"\" data-id=\"1171\" data-full-url=\"https:\/\/fredyrangel.com\/wp-content\/uploads\/2023\/04\/borde-36.jpg\" data-link=\"https:\/\/fredyrangel.com\/?attachment_id=1171\" class=\"wp-image-1171\" srcset=\"https:\/\/fredyrangel.com\/wp-content\/uploads\/2023\/04\/borde-36.jpg 597w, https:\/\/fredyrangel.com\/wp-content\/uploads\/2023\/04\/borde-36-150x150.jpg 150w\" sizes=\"auto, (max-width: 597px) 100vw, 597px\" \/><\/figure><\/li><li class=\"blocks-gallery-item\"><figure><img loading=\"lazy\" decoding=\"async\" width=\"400\" height=\"600\" src=\"https:\/\/fredyrangel.com\/wp-content\/uploads\/2023\/04\/borde-27.jpg\" alt=\"\" data-id=\"1166\" data-full-url=\"https:\/\/fredyrangel.com\/wp-content\/uploads\/2023\/04\/borde-27.jpg\" data-link=\"https:\/\/fredyrangel.com\/?attachment_id=1166\" class=\"wp-image-1166\" srcset=\"https:\/\/fredyrangel.com\/wp-content\/uploads\/2023\/04\/borde-27.jpg 400w, https:\/\/fredyrangel.com\/wp-content\/uploads\/2023\/04\/borde-27-200x300.jpg 200w\" sizes=\"auto, (max-width: 400px) 100vw, 400px\" \/><\/figure><\/li><li class=\"blocks-gallery-item\"><figure><img loading=\"lazy\" decoding=\"async\" width=\"400\" height=\"600\" src=\"https:\/\/fredyrangel.com\/wp-content\/uploads\/2023\/04\/borde-45.jpg\" alt=\"\" data-id=\"1174\" data-full-url=\"https:\/\/fredyrangel.com\/wp-content\/uploads\/2023\/04\/borde-45.jpg\" data-link=\"https:\/\/fredyrangel.com\/?attachment_id=1174\" class=\"wp-image-1174\" srcset=\"https:\/\/fredyrangel.com\/wp-content\/uploads\/2023\/04\/borde-45.jpg 400w, https:\/\/fredyrangel.com\/wp-content\/uploads\/2023\/04\/borde-45-200x300.jpg 200w\" sizes=\"auto, (max-width: 400px) 100vw, 400px\" \/><\/figure><\/li><li class=\"blocks-gallery-item\"><figure><img loading=\"lazy\" decoding=\"async\" width=\"597\" height=\"600\" src=\"https:\/\/fredyrangel.com\/wp-content\/uploads\/2023\/04\/borde-31.jpg\" alt=\"\" data-id=\"1169\" data-full-url=\"https:\/\/fredyrangel.com\/wp-content\/uploads\/2023\/04\/borde-31.jpg\" data-link=\"https:\/\/fredyrangel.com\/?attachment_id=1169\" class=\"wp-image-1169\" srcset=\"https:\/\/fredyrangel.com\/wp-content\/uploads\/2023\/04\/borde-31.jpg 597w, https:\/\/fredyrangel.com\/wp-content\/uploads\/2023\/04\/borde-31-150x150.jpg 150w\" sizes=\"auto, (max-width: 597px) 100vw, 597px\" \/><\/figure><\/li><\/ul><\/figure>\n\n\n\n<p>Bordes Pintura Acr\u00edlica sobre Lienzo.<\/p>\n\n\n\n<div style=\"height:100px\" aria-hidden=\"true\" class=\"wp-block-spacer\"><\/div>\n\n\n\n<figure class=\"wp-block-gallery columns-3 is-cropped wp-block-gallery-5 is-layout-flex wp-block-gallery-is-layout-flex\"><ul class=\"blocks-gallery-grid\"><li class=\"blocks-gallery-item\"><figure><img loading=\"lazy\" decoding=\"async\" width=\"400\" height=\"600\" src=\"https:\/\/fredyrangel.com\/wp-content\/uploads\/2023\/04\/LE_3.jpg\" alt=\"\" data-id=\"1180\" data-full-url=\"https:\/\/fredyrangel.com\/wp-content\/uploads\/2023\/04\/LE_3.jpg\" data-link=\"https:\/\/fredyrangel.com\/?attachment_id=1180\" class=\"wp-image-1180\" srcset=\"https:\/\/fredyrangel.com\/wp-content\/uploads\/2023\/04\/LE_3.jpg 400w, https:\/\/fredyrangel.com\/wp-content\/uploads\/2023\/04\/LE_3-200x300.jpg 200w\" sizes=\"auto, (max-width: 400px) 100vw, 400px\" \/><\/figure><\/li><li class=\"blocks-gallery-item\"><figure><img loading=\"lazy\" decoding=\"async\" width=\"700\" height=\"349\" src=\"https:\/\/fredyrangel.com\/wp-content\/uploads\/2023\/04\/borde-33-700x349.jpg\" alt=\"\" data-id=\"1170\" data-full-url=\"https:\/\/fredyrangel.com\/wp-content\/uploads\/2023\/04\/borde-33.jpg\" data-link=\"https:\/\/fredyrangel.com\/?attachment_id=1170\" class=\"wp-image-1170\" srcset=\"https:\/\/fredyrangel.com\/wp-content\/uploads\/2023\/04\/borde-33-700x349.jpg 700w, https:\/\/fredyrangel.com\/wp-content\/uploads\/2023\/04\/borde-33-300x150.jpg 300w, https:\/\/fredyrangel.com\/wp-content\/uploads\/2023\/04\/borde-33-768x383.jpg 768w, https:\/\/fredyrangel.com\/wp-content\/uploads\/2023\/04\/borde-33.jpg 900w\" sizes=\"auto, (max-width: 700px) 100vw, 700px\" \/><\/figure><\/li><li class=\"blocks-gallery-item\"><figure><img loading=\"lazy\" decoding=\"async\" width=\"400\" height=\"600\" src=\"https:\/\/fredyrangel.com\/wp-content\/uploads\/2023\/04\/LE_13.jpg\" alt=\"\" data-id=\"1181\" data-full-url=\"https:\/\/fredyrangel.com\/wp-content\/uploads\/2023\/04\/LE_13.jpg\" data-link=\"https:\/\/fredyrangel.com\/?attachment_id=1181\" class=\"wp-image-1181\" srcset=\"https:\/\/fredyrangel.com\/wp-content\/uploads\/2023\/04\/LE_13.jpg 400w, https:\/\/fredyrangel.com\/wp-content\/uploads\/2023\/04\/LE_13-200x300.jpg 200w\" sizes=\"auto, (max-width: 400px) 100vw, 400px\" \/><\/figure><\/li><li class=\"blocks-gallery-item\"><figure><img loading=\"lazy\" decoding=\"async\" width=\"700\" height=\"467\" src=\"https:\/\/fredyrangel.com\/wp-content\/uploads\/2023\/04\/LE_27-700x467.jpg\" alt=\"\" data-id=\"1182\" data-full-url=\"https:\/\/fredyrangel.com\/wp-content\/uploads\/2023\/04\/LE_27.jpg\" data-link=\"https:\/\/fredyrangel.com\/?attachment_id=1182\" class=\"wp-image-1182\" srcset=\"https:\/\/fredyrangel.com\/wp-content\/uploads\/2023\/04\/LE_27-700x467.jpg 700w, https:\/\/fredyrangel.com\/wp-content\/uploads\/2023\/04\/LE_27-300x200.jpg 300w, https:\/\/fredyrangel.com\/wp-content\/uploads\/2023\/04\/LE_27-768x512.jpg 768w, https:\/\/fredyrangel.com\/wp-content\/uploads\/2023\/04\/LE_27-507x338.jpg 507w, https:\/\/fredyrangel.com\/wp-content\/uploads\/2023\/04\/LE_27.jpg 900w\" sizes=\"auto, (max-width: 700px) 100vw, 700px\" \/><\/figure><\/li><\/ul><\/figure>\n\n\n\n<p>\u00abLimites Ef\u00edmeros\u00bb<\/p>\n\n\n\n<div style=\"height:100px\" aria-hidden=\"true\" class=\"wp-block-spacer\"><\/div>\n\n\n\n<figure class=\"wp-block-gallery columns-2 is-cropped wp-block-gallery-6 is-layout-flex wp-block-gallery-is-layout-flex\"><ul class=\"blocks-gallery-grid\"><li class=\"blocks-gallery-item\"><figure><img loading=\"lazy\" decoding=\"async\" width=\"400\" height=\"600\" src=\"https:\/\/fredyrangel.com\/wp-content\/uploads\/2023\/04\/borde-22.jpg\" alt=\"\" data-id=\"1165\" data-full-url=\"https:\/\/fredyrangel.com\/wp-content\/uploads\/2023\/04\/borde-22.jpg\" data-link=\"https:\/\/fredyrangel.com\/?attachment_id=1165\" class=\"wp-image-1165\" srcset=\"https:\/\/fredyrangel.com\/wp-content\/uploads\/2023\/04\/borde-22.jpg 400w, https:\/\/fredyrangel.com\/wp-content\/uploads\/2023\/04\/borde-22-200x300.jpg 200w\" sizes=\"auto, (max-width: 400px) 100vw, 400px\" \/><\/figure><\/li><li class=\"blocks-gallery-item\"><figure><img loading=\"lazy\" decoding=\"async\" width=\"400\" height=\"600\" src=\"https:\/\/fredyrangel.com\/wp-content\/uploads\/2023\/04\/borde-01.jpg\" alt=\"\" data-id=\"1164\" data-full-url=\"https:\/\/fredyrangel.com\/wp-content\/uploads\/2023\/04\/borde-01.jpg\" data-link=\"https:\/\/fredyrangel.com\/?attachment_id=1164\" class=\"wp-image-1164\" srcset=\"https:\/\/fredyrangel.com\/wp-content\/uploads\/2023\/04\/borde-01.jpg 400w, https:\/\/fredyrangel.com\/wp-content\/uploads\/2023\/04\/borde-01-200x300.jpg 200w\" sizes=\"auto, (max-width: 400px) 100vw, 400px\" \/><\/figure><\/li><\/ul><\/figure>\n\n\n\n<p>Pintura Automotriz sobre L\u00e1mina Negra ACM<\/p>\n\n\n\n<div style=\"height:100px\" aria-hidden=\"true\" class=\"wp-block-spacer\"><\/div>\n\n\n\n<div style=\"height:100px\" aria-hidden=\"true\" class=\"wp-block-spacer\"><\/div>\n\n\n\n<div style=\"height:100px\" aria-hidden=\"true\" class=\"wp-block-spacer\"><\/div>\n\n\n\n<div style=\"height:100px\" aria-hidden=\"true\" class=\"wp-block-spacer\"><\/div>\n\n\n\n<p><\/p>\n","protected":false},"excerpt":{"rendered":"<p>\u00abL\u00edmites Ef\u00edmeros\u00bb Curadur\u00eda: Gladys Turner Bosso. Galer\u00eda Extra, 2023. Arquetipos: Bol\u00edgrafo Rojo sobre Papel Fabiano. Deriva: Ensamblajes de Madera, Hierro,<\/p>\n<p><a href=\"https:\/\/fredyrangel.com\/?page_id=1294\" class=\"more-link\">Seguir leyendo<span class=\"screen-reader-text\">LE-23<\/span><\/a><\/p>\n","protected":false},"author":2,"featured_media":0,"parent":0,"menu_order":0,"comment_status":"closed","ping_status":"closed","template":"","meta":{"footnotes":""},"class_list":["post-1294","page","type-page","status-publish","hentry"],"_links":{"self":[{"href":"https:\/\/fredyrangel.com\/index.php?rest_route=\/wp\/v2\/pages\/1294","targetHints":{"allow":["GET"]}}],"collection":[{"href":"https:\/\/fredyrangel.com\/index.php?rest_route=\/wp\/v2\/pages"}],"about":[{"href":"https:\/\/fredyrangel.com\/index.php?rest_route=\/wp\/v2\/types\/page"}],"author":[{"embeddable":true,"href":"https:\/\/fredyrangel.com\/index.php?rest_route=\/wp\/v2\/users\/2"}],"replies":[{"embeddable":true,"href":"https:\/\/fredyrangel.com\/index.php?rest_route=%2Fwp%2Fv2%2Fcomments&post=1294"}],"version-history":[{"count":10,"href":"https:\/\/fredyrangel.com\/index.php?rest_route=\/wp\/v2\/pages\/1294\/revisions"}],"predecessor-version":[{"id":1310,"href":"https:\/\/fredyrangel.com\/index.php?rest_route=\/wp\/v2\/pages\/1294\/revisions\/1310"}],"wp:attachment":[{"href":"https:\/\/fredyrangel.com\/index.php?rest_route=%2Fwp%2Fv2%2Fmedia&parent=1294"}],"curies":[{"name":"wp","href":"https:\/\/api.w.org\/{rel}","templated":true}]}}